{"id":785,"date":"2025-11-22T20:39:18","date_gmt":"2025-11-22T19:39:18","guid":{"rendered":"https:\/\/lawendowy-ogrod-kotlina-klodzka.pl\/?product=wianek-lawendowy-duzy"},"modified":"2026-04-23T20:30:54","modified_gmt":"2026-04-23T18:30:54","slug":"wianek-lawendowy-duzy","status":"publish","type":"product","link":"https:\/\/lawendowy-ogrod-kotlina-klodzka.pl\/?product=wianek-lawendowy-duzy","title":{"rendered":"Wianek lawendowy du\u017cy"},"content":{"rendered":"<p>Du\u017cy lawendowy wianek do dekoracji drzwi, wn\u0119trz lub na g\u0142ow\u0119.<\/p>\n","protected":false},"excerpt":{"rendered":"<p>Du\u017cy lawendowy wianek do dekoracji drzwi, wn\u0119trz lub na g\u0142ow\u0119.<\/p>\n","protected":false},"featured_media":1174,"comment_status":"open","ping_status":"closed","template":"","meta":[],"product_brand":[],"product_cat":[48],"product_tag":[],"class_list":{"0":"post-785","1":"product","2":"type-product","3":"status-publish","4":"has-post-thumbnail","6":"product_cat-dekoracje-i-zapach-domu","8":"first","9":"instock","10":"shipping-taxable","11":"purchasable","12":"product-type-simple"},"_links":{"self":[{"href":"https:\/\/lawendowy-ogrod-kotlina-klodzka.pl\/index.php?rest_route=\/wp\/v2\/product\/785","targetHints":{"allow":["GET"]}}],"collection":[{"href":"https:\/\/lawendowy-ogrod-kotlina-klodzka.pl\/index.php?rest_route=\/wp\/v2\/product"}],"about":[{"href":"https:\/\/lawendowy-ogrod-kotlina-klodzka.pl\/index.php?rest_route=\/wp\/v2\/types\/product"}],"replies":[{"embeddable":true,"href":"https:\/\/lawendowy-ogrod-kotlina-klodzka.pl\/index.php?rest_route=%2Fwp%2Fv2%2Fcomments&post=785"}],"version-history":[{"count":1,"href":"https:\/\/lawendowy-ogrod-kotlina-klodzka.pl\/index.php?rest_route=\/wp\/v2\/product\/785\/revisions"}],"predecessor-version":[{"id":859,"href":"https:\/\/lawendowy-ogrod-kotlina-klodzka.pl\/index.php?rest_route=\/wp\/v2\/product\/785\/revisions\/859"}],"wp:featuredmedia":[{"embeddable":true,"href":"https:\/\/lawendowy-ogrod-kotlina-klodzka.pl\/index.php?rest_route=\/wp\/v2\/media\/1174"}],"wp:attachment":[{"href":"https:\/\/lawendowy-ogrod-kotlina-klodzka.pl\/index.php?rest_route=%2Fwp%2Fv2%2Fmedia&parent=785"}],"wp:term":[{"taxonomy":"product_brand","embeddable":true,"href":"https:\/\/lawendowy-ogrod-kotlina-klodzka.pl\/index.php?rest_route=%2Fwp%2Fv2%2Fproduct_brand&post=785"},{"taxonomy":"product_cat","embeddable":true,"href":"https:\/\/lawendowy-ogrod-kotlina-klodzka.pl\/index.php?rest_route=%2Fwp%2Fv2%2Fproduct_cat&post=785"},{"taxonomy":"product_tag","embeddable":true,"href":"https:\/\/lawendowy-ogrod-kotlina-klodzka.pl\/index.php?rest_route=%2Fwp%2Fv2%2Fproduct_tag&post=785"}],"curies":[{"name":"wp","href":"https:\/\/api.w.org\/{rel}","templated":true}]}}