{"id":773,"date":"2025-11-22T20:39:15","date_gmt":"2025-11-22T19:39:15","guid":{"rendered":"https:\/\/lawendowy-ogrod-kotlina-klodzka.pl\/?product=woreczek-z-lawenda-sredni"},"modified":"2026-04-23T21:11:32","modified_gmt":"2026-04-23T19:11:32","slug":"woreczek-z-lawenda-sredni","status":"publish","type":"product","link":"https:\/\/lawendowy-ogrod-kotlina-klodzka.pl\/?product=woreczek-z-lawenda-sredni","title":{"rendered":"Woreczek z lawend\u0105 bia\u0142y"},"content":{"rendered":"<p><span data-sheets-root=\"1\">Bia\u0142y woreczek zapachowy z naturaln\u0105 lawend\u0105 do domu lub szafy.<\/span><\/p>\n","protected":false},"excerpt":{"rendered":"<p>Bia\u0142y woreczek zapachowy z naturaln\u0105 lawend\u0105 do domu lub szafy.<\/p>\n","protected":false},"featured_media":0,"comment_status":"open","ping_status":"closed","template":"","meta":[],"product_brand":[],"product_cat":[46],"product_tag":[],"class_list":{"0":"post-773","1":"product","2":"type-product","3":"status-publish","5":"product_cat-aromaterapia-relaks","7":"first","8":"instock","9":"shipping-taxable","10":"purchasable","11":"product-type-simple"},"_links":{"self":[{"href":"https:\/\/lawendowy-ogrod-kotlina-klodzka.pl\/index.php?rest_route=\/wp\/v2\/product\/773","targetHints":{"allow":["GET"]}}],"collection":[{"href":"https:\/\/lawendowy-ogrod-kotlina-klodzka.pl\/index.php?rest_route=\/wp\/v2\/product"}],"about":[{"href":"https:\/\/lawendowy-ogrod-kotlina-klodzka.pl\/index.php?rest_route=\/wp\/v2\/types\/product"}],"replies":[{"embeddable":true,"href":"https:\/\/lawendowy-ogrod-kotlina-klodzka.pl\/index.php?rest_route=%2Fwp%2Fv2%2Fcomments&post=773"}],"version-history":[{"count":1,"href":"https:\/\/lawendowy-ogrod-kotlina-klodzka.pl\/index.php?rest_route=\/wp\/v2\/product\/773\/revisions"}],"predecessor-version":[{"id":856,"href":"https:\/\/lawendowy-ogrod-kotlina-klodzka.pl\/index.php?rest_route=\/wp\/v2\/product\/773\/revisions\/856"}],"wp:attachment":[{"href":"https:\/\/lawendowy-ogrod-kotlina-klodzka.pl\/index.php?rest_route=%2Fwp%2Fv2%2Fmedia&parent=773"}],"wp:term":[{"taxonomy":"product_brand","embeddable":true,"href":"https:\/\/lawendowy-ogrod-kotlina-klodzka.pl\/index.php?rest_route=%2Fwp%2Fv2%2Fproduct_brand&post=773"},{"taxonomy":"product_cat","embeddable":true,"href":"https:\/\/lawendowy-ogrod-kotlina-klodzka.pl\/index.php?rest_route=%2Fwp%2Fv2%2Fproduct_cat&post=773"},{"taxonomy":"product_tag","embeddable":true,"href":"https:\/\/lawendowy-ogrod-kotlina-klodzka.pl\/index.php?rest_route=%2Fwp%2Fv2%2Fproduct_tag&post=773"}],"curies":[{"name":"wp","href":"https:\/\/api.w.org\/{rel}","templated":true}]}}