{"id":771,"date":"2025-11-22T20:39:15","date_gmt":"2025-11-22T19:39:15","guid":{"rendered":"https:\/\/lawendowy-ogrod-kotlina-klodzka.pl\/?product=susz-w-worku-250-g"},"modified":"2025-12-19T20:39:33","modified_gmt":"2025-12-19T19:39:33","slug":"susz-w-worku-250-g","status":"publish","type":"product","link":"https:\/\/lawendowy-ogrod-kotlina-klodzka.pl\/?product=susz-w-worku-250-g","title":{"rendered":"Susz w worku 250 g"},"content":{"rendered":"<p><span data-sheets-root=\"1\">Wi\u0119ksza ilo\u015b\u0107 suszonej lawendy do wszechstronnego zastosowania.<\/span><\/p>\n","protected":false},"excerpt":{"rendered":"<p>Wi\u0119ksza ilo\u015b\u0107 suszonej lawendy do wszechstronnego zastosowania.<\/p>\n","protected":false},"featured_media":0,"comment_status":"open","ping_status":"closed","template":"","meta":[],"product_brand":[],"product_cat":[46],"product_tag":[],"class_list":{"0":"post-771","1":"product","2":"type-product","3":"status-publish","5":"product_cat-aromaterapia-relaks","7":"first","8":"instock","9":"shipping-taxable","10":"purchasable","11":"product-type-simple"},"_links":{"self":[{"href":"https:\/\/lawendowy-ogrod-kotlina-klodzka.pl\/index.php?rest_route=\/wp\/v2\/product\/771","targetHints":{"allow":["GET"]}}],"collection":[{"href":"https:\/\/lawendowy-ogrod-kotlina-klodzka.pl\/index.php?rest_route=\/wp\/v2\/product"}],"about":[{"href":"https:\/\/lawendowy-ogrod-kotlina-klodzka.pl\/index.php?rest_route=\/wp\/v2\/types\/product"}],"replies":[{"embeddable":true,"href":"https:\/\/lawendowy-ogrod-kotlina-klodzka.pl\/index.php?rest_route=%2Fwp%2Fv2%2Fcomments&post=771"}],"version-history":[{"count":1,"href":"https:\/\/lawendowy-ogrod-kotlina-klodzka.pl\/index.php?rest_route=\/wp\/v2\/product\/771\/revisions"}],"predecessor-version":[{"id":865,"href":"https:\/\/lawendowy-ogrod-kotlina-klodzka.pl\/index.php?rest_route=\/wp\/v2\/product\/771\/revisions\/865"}],"wp:attachment":[{"href":"https:\/\/lawendowy-ogrod-kotlina-klodzka.pl\/index.php?rest_route=%2Fwp%2Fv2%2Fmedia&parent=771"}],"wp:term":[{"taxonomy":"product_brand","embeddable":true,"href":"https:\/\/lawendowy-ogrod-kotlina-klodzka.pl\/index.php?rest_route=%2Fwp%2Fv2%2Fproduct_brand&post=771"},{"taxonomy":"product_cat","embeddable":true,"href":"https:\/\/lawendowy-ogrod-kotlina-klodzka.pl\/index.php?rest_route=%2Fwp%2Fv2%2Fproduct_cat&post=771"},{"taxonomy":"product_tag","embeddable":true,"href":"https:\/\/lawendowy-ogrod-kotlina-klodzka.pl\/index.php?rest_route=%2Fwp%2Fv2%2Fproduct_tag&post=771"}],"curies":[{"name":"wp","href":"https:\/\/api.w.org\/{rel}","templated":true}]}}