{"id":762,"date":"2025-11-22T20:39:13","date_gmt":"2025-11-22T19:39:13","guid":{"rendered":"https:\/\/lawendowy-ogrod-kotlina-klodzka.pl\/?product=syrop-lawendowy-1000-ml"},"modified":"2026-04-23T19:01:56","modified_gmt":"2026-04-23T17:01:56","slug":"syrop-lawendowy-1000-ml","status":"publish","type":"product","link":"https:\/\/lawendowy-ogrod-kotlina-klodzka.pl\/?product=syrop-lawendowy-1000-ml","title":{"rendered":"Syrop lawendowy 1000 ml"},"content":{"rendered":"<p>Rodzinny format syropu lawendowego dla mi\u0142o\u015bnik\u00f3w lawendowych smak\u00f3w.<\/p>\n","protected":false},"excerpt":{"rendered":"<p>Rodzinny format syropu lawendowego dla mi\u0142o\u015bnik\u00f3w lawendowych smak\u00f3w.<\/p>\n","protected":false},"featured_media":1126,"comment_status":"open","ping_status":"closed","template":"","meta":[],"product_brand":[],"product_cat":[45],"product_tag":[],"class_list":{"0":"post-762","1":"product","2":"type-product","3":"status-publish","4":"has-post-thumbnail","6":"product_cat-kuchnia-i-smak-lawendy","8":"first","9":"instock","10":"shipping-taxable","11":"purchasable","12":"product-type-simple"},"_links":{"self":[{"href":"https:\/\/lawendowy-ogrod-kotlina-klodzka.pl\/index.php?rest_route=\/wp\/v2\/product\/762","targetHints":{"allow":["GET"]}}],"collection":[{"href":"https:\/\/lawendowy-ogrod-kotlina-klodzka.pl\/index.php?rest_route=\/wp\/v2\/product"}],"about":[{"href":"https:\/\/lawendowy-ogrod-kotlina-klodzka.pl\/index.php?rest_route=\/wp\/v2\/types\/product"}],"replies":[{"embeddable":true,"href":"https:\/\/lawendowy-ogrod-kotlina-klodzka.pl\/index.php?rest_route=%2Fwp%2Fv2%2Fcomments&post=762"}],"version-history":[{"count":2,"href":"https:\/\/lawendowy-ogrod-kotlina-klodzka.pl\/index.php?rest_route=\/wp\/v2\/product\/762\/revisions"}],"predecessor-version":[{"id":816,"href":"https:\/\/lawendowy-ogrod-kotlina-klodzka.pl\/index.php?rest_route=\/wp\/v2\/product\/762\/revisions\/816"}],"wp:featuredmedia":[{"embeddable":true,"href":"https:\/\/lawendowy-ogrod-kotlina-klodzka.pl\/index.php?rest_route=\/wp\/v2\/media\/1126"}],"wp:attachment":[{"href":"https:\/\/lawendowy-ogrod-kotlina-klodzka.pl\/index.php?rest_route=%2Fwp%2Fv2%2Fmedia&parent=762"}],"wp:term":[{"taxonomy":"product_brand","embeddable":true,"href":"https:\/\/lawendowy-ogrod-kotlina-klodzka.pl\/index.php?rest_route=%2Fwp%2Fv2%2Fproduct_brand&post=762"},{"taxonomy":"product_cat","embeddable":true,"href":"https:\/\/lawendowy-ogrod-kotlina-klodzka.pl\/index.php?rest_route=%2Fwp%2Fv2%2Fproduct_cat&post=762"},{"taxonomy":"product_tag","embeddable":true,"href":"https:\/\/lawendowy-ogrod-kotlina-klodzka.pl\/index.php?rest_route=%2Fwp%2Fv2%2Fproduct_tag&post=762"}],"curies":[{"name":"wp","href":"https:\/\/api.w.org\/{rel}","templated":true}]}}