{"id":8,"date":"2025-07-28T15:40:08","date_gmt":"2025-07-28T13:40:08","guid":{"rendered":"https:\/\/lawendowy-ogrod-kotlina-klodzka.pl\/?page_id=8"},"modified":"2026-03-03T15:58:13","modified_gmt":"2026-03-03T14:58:13","slug":"koszyk","status":"publish","type":"page","link":"https:\/\/lawendowy-ogrod-kotlina-klodzka.pl\/?page_id=8","title":{"rendered":"Koszyk"},"content":{"rendered":"\n<div data-block-name=\"woocommerce\/cart\" class=\"wp-block-woocommerce-cart alignwide is-loading\">\n<div data-block-name=\"woocommerce\/filled-cart-block\" class=\"wp-block-woocommerce-filled-cart-block\">\n<div data-block-name=\"woocommerce\/cart-items-block\" class=\"wp-block-woocommerce-cart-items-block\">\n<div data-block-name=\"woocommerce\/cart-line-items-block\" class=\"wp-block-woocommerce-cart-line-items-block\"><\/div>\n\n\n\n<div data-block-name=\"woocommerce\/cart-cross-sells-block\" class=\"wp-block-woocommerce-cart-cross-sells-block\">\n<h2 class=\"wp-block-heading has-large-font-size\">Zobacz inne r\u00f3wnie interesuj\u0105ce\u2026<\/h2>\n\n\n\n<div data-block-name=\"woocommerce\/cart-cross-sells-products-block\" class=\"wp-block-woocommerce-cart-cross-sells-products-block\"><\/div>\n<\/div>\n<\/div>\n\n\n\n<div data-block-name=\"woocommerce\/cart-totals-block\" class=\"wp-block-woocommerce-cart-totals-block\">\n<div data-block-name=\"woocommerce\/cart-order-summary-block\" class=\"wp-block-woocommerce-cart-order-summary-block\">\n<div data-block-name=\"woocommerce\/cart-order-summary-heading-block\" class=\"wp-block-woocommerce-cart-order-summary-heading-block\"><\/div><div data-block-name=\"woocommerce\/cart-order-summary-coupon-form-block\" class=\"wp-block-woocommerce-cart-order-summary-coupon-form-block\"><\/div><div data-block-name=\"woocommerce\/cart-order-summary-totals-block\" class=\"wp-block-woocommerce-cart-order-summary-totals-block\">\n<div data-block-name=\"woocommerce\/cart-order-summary-subtotal-block\" class=\"wp-block-woocommerce-cart-order-summary-subtotal-block\"><\/div>\n<div data-block-name=\"woocommerce\/cart-order-summary-discount-block\" class=\"wp-block-woocommerce-cart-order-summary-discount-block\"><\/div>\n<div data-block-name=\"woocommerce\/cart-order-summary-fee-block\" class=\"wp-block-woocommerce-cart-order-summary-fee-block\"><\/div>\n<div data-block-name=\"woocommerce\/cart-order-summary-shipping-block\" class=\"wp-block-woocommerce-cart-order-summary-shipping-block\"><\/div>\n<div data-block-name=\"woocommerce\/cart-order-summary-taxes-block\" class=\"wp-block-woocommerce-cart-order-summary-taxes-block\"><\/div><\/div>\n<\/div>\n\n\n\n<div data-block-name=\"woocommerce\/cart-express-payment-block\" class=\"wp-block-woocommerce-cart-express-payment-block\"><\/div>\n\n\n\n<div data-block-name=\"woocommerce\/proceed-to-checkout-block\" class=\"wp-block-woocommerce-proceed-to-checkout-block\"><\/div>\n\n\n\n<div data-block-name=\"woocommerce\/cart-accepted-payment-methods-block\" class=\"wp-block-woocommerce-cart-accepted-payment-methods-block\"><\/div>\n<\/div>\n<\/div>\n\n\n\n<div data-block-name=\"woocommerce\/empty-cart-block\" class=\"wp-block-woocommerce-empty-cart-block\">\n<h2 class=\"wp-block-heading has-text-align-center with-empty-cart-icon wc-block-cart__empty-cart__title\">Tw\u00f3j koszyk jest obecnie pusty!<\/h2>\n\n\n\n<hr class=\"wp-block-separator has-alpha-channel-opacity is-style-dots\"\/>\n\n\n\n<h2 class=\"wp-block-heading has-text-align-center\">Nowe w sklepie<\/h2>\n\n\n<div data-block-name=\"woocommerce\/product-new\" data-columns=\"4\" data-rows=\"1\" class=\"wc-block-grid wp-block-product-new wp-block-woocommerce-product-new wc-block-product-new has-4-columns\"><ul class=\"wc-block-grid__products\"><li class=\"wc-block-grid__product\">\n\t\t\t\t<a href=\"https:\/\/lawendowy-ogrod-kotlina-klodzka.pl\/?product=woreczek-z-lawenda-jasnoniebieski\" class=\"wc-block-grid__product-link\">\n\t\t\t\t\t\n\t\t\t\t\t<div class=\"wc-block-grid__product-image\"><img loading=\"lazy\" decoding=\"async\" width=\"600\" height=\"600\" src=\"https:\/\/lawendowy-ogrod-kotlina-klodzka.pl\/wp-content\/uploads\/2025\/11\/worekjasny-600px.png\" class=\"attachment-woocommerce_thumbnail size-woocommerce_thumbnail\" alt=\"Woreczek z lawend\u0105 jasnoniebieski\" srcset=\"https:\/\/lawendowy-ogrod-kotlina-klodzka.pl\/wp-content\/uploads\/2025\/11\/worekjasny-600px.png 600w, https:\/\/lawendowy-ogrod-kotlina-klodzka.pl\/wp-content\/uploads\/2025\/11\/worekjasny-600px-300x300.png 300w, https:\/\/lawendowy-ogrod-kotlina-klodzka.pl\/wp-content\/uploads\/2025\/11\/worekjasny-600px-150x150.png 150w\" sizes=\"auto, (max-width: 600px) 100vw, 600px\" \/><\/div>\n\t\t\t\t\t<div class=\"wc-block-grid__product-title\">Woreczek z lawend\u0105 jasnoniebieski<\/div>\n\t\t\t\t<\/a>\n\t\t\t\t<div class=\"wc-block-grid__product-price price\"><span class=\"woocommerce-Price-amount amount\">14,00&nbsp;<span class=\"woocommerce-Price-currencySymbol\">&#122;&#322;<\/span><\/span><\/div>\n\t\t\t\t\n\t\t\t\t<div class=\"wp-block-button wc-block-grid__product-add-to-cart\"><a href=\"\/index.php?rest_route=%2Fwp%2Fv2%2Fpages%2F8&#038;add-to-cart=1164\" aria-label=\"Dodaj do koszyka: &bdquo;Woreczek z lawend\u0105 jasnoniebieski&rdquo;\" data-quantity=\"1\" data-product_id=\"1164\" data-product_sku=\"\" data-price=\"14\" rel=\"nofollow\" class=\"wp-block-button__link  add_to_cart_button ajax_add_to_cart\">Dodaj do koszyka<\/a><\/div>\n\t\t\t<\/li><li class=\"wc-block-grid__product\">\n\t\t\t\t<a href=\"https:\/\/lawendowy-ogrod-kotlina-klodzka.pl\/?product=woreczek-z-lawenda-bialy\" class=\"wc-block-grid__product-link\">\n\t\t\t\t\t\n\t\t\t\t\t<div class=\"wc-block-grid__product-image\"><img loading=\"lazy\" decoding=\"async\" width=\"600\" height=\"600\" src=\"https:\/\/lawendowy-ogrod-kotlina-klodzka.pl\/wp-content\/uploads\/2025\/11\/worekroz-600px.png\" class=\"attachment-woocommerce_thumbnail size-woocommerce_thumbnail\" alt=\"Woreczek z lawend\u0105 r\u00f3\u017cowy\" srcset=\"https:\/\/lawendowy-ogrod-kotlina-klodzka.pl\/wp-content\/uploads\/2025\/11\/worekroz-600px.png 600w, https:\/\/lawendowy-ogrod-kotlina-klodzka.pl\/wp-content\/uploads\/2025\/11\/worekroz-600px-300x300.png 300w, https:\/\/lawendowy-ogrod-kotlina-klodzka.pl\/wp-content\/uploads\/2025\/11\/worekroz-600px-150x150.png 150w\" sizes=\"auto, (max-width: 600px) 100vw, 600px\" \/><\/div>\n\t\t\t\t\t<div class=\"wc-block-grid__product-title\">Woreczek z lawend\u0105 r\u00f3\u017cowy<\/div>\n\t\t\t\t<\/a>\n\t\t\t\t<div class=\"wc-block-grid__product-price price\"><span class=\"woocommerce-Price-amount amount\">14,00&nbsp;<span class=\"woocommerce-Price-currencySymbol\">&#122;&#322;<\/span><\/span><\/div>\n\t\t\t\t\n\t\t\t\t<div class=\"wp-block-button wc-block-grid__product-add-to-cart\"><a href=\"\/index.php?rest_route=%2Fwp%2Fv2%2Fpages%2F8&#038;add-to-cart=1162\" aria-label=\"Dodaj do koszyka: &bdquo;Woreczek z lawend\u0105 r\u00f3\u017cowy&rdquo;\" data-quantity=\"1\" data-product_id=\"1162\" data-product_sku=\"\" data-price=\"14\" rel=\"nofollow\" class=\"wp-block-button__link  add_to_cart_button ajax_add_to_cart\">Dodaj do koszyka<\/a><\/div>\n\t\t\t<\/li><li class=\"wc-block-grid__product\">\n\t\t\t\t<a href=\"https:\/\/lawendowy-ogrod-kotlina-klodzka.pl\/?product=hydrolat\" class=\"wc-block-grid__product-link\">\n\t\t\t\t\t<div class=\"wc-block-grid__product-onsale\">\n\t\t\t<span aria-hidden=\"true\">Promocja<\/span>\n\t\t\t<span class=\"screen-reader-text\">Produkt w promocji<\/span>\n\t\t<\/div>\n\t\t\t\t\t<div class=\"wc-block-grid__product-image\"><img loading=\"lazy\" decoding=\"async\" width=\"600\" height=\"600\" src=\"https:\/\/lawendowy-ogrod-kotlina-klodzka.pl\/wp-content\/uploads\/2026\/04\/Hydrolat-22-600px.png\" class=\"attachment-woocommerce_thumbnail size-woocommerce_thumbnail\" alt=\"4 Hydrolaty Lawendowe w cenie dw\u00f3ch\" srcset=\"https:\/\/lawendowy-ogrod-kotlina-klodzka.pl\/wp-content\/uploads\/2026\/04\/Hydrolat-22-600px.png 600w, https:\/\/lawendowy-ogrod-kotlina-klodzka.pl\/wp-content\/uploads\/2026\/04\/Hydrolat-22-600px-300x300.png 300w, https:\/\/lawendowy-ogrod-kotlina-klodzka.pl\/wp-content\/uploads\/2026\/04\/Hydrolat-22-600px-150x150.png 150w\" sizes=\"auto, (max-width: 600px) 100vw, 600px\" \/><\/div>\n\t\t\t\t\t<div class=\"wc-block-grid__product-title\">4 Hydrolaty Lawendowe w cenie dw\u00f3ch<\/div>\n\t\t\t\t<\/a>\n\t\t\t\t<div class=\"wc-block-grid__product-price price\"><del aria-hidden=\"true\"><span class=\"woocommerce-Price-amount amount\">80,00&nbsp;<span class=\"woocommerce-Price-currencySymbol\">&#122;&#322;<\/span><\/span><\/del> <span class=\"screen-reader-text\">Pierwotna cena wynosi\u0142a: 80,00&nbsp;&#122;&#322;.<\/span><ins aria-hidden=\"true\"><span class=\"woocommerce-Price-amount amount\">40,00&nbsp;<span class=\"woocommerce-Price-currencySymbol\">&#122;&#322;<\/span><\/span><\/ins><span class=\"screen-reader-text\">Aktualna cena wynosi: 40,00&nbsp;&#122;&#322;.<\/span><\/div>\n\t\t\t\t\n\t\t\t\t<div class=\"wp-block-button wc-block-grid__product-add-to-cart\"><a href=\"\/index.php?rest_route=%2Fwp%2Fv2%2Fpages%2F8&#038;add-to-cart=1020\" aria-label=\"Dodaj do koszyka: &bdquo;4 Hydrolaty Lawendowe w cenie dw\u00f3ch&rdquo;\" data-quantity=\"1\" data-product_id=\"1020\" data-product_sku=\"\" data-price=\"40\" rel=\"nofollow\" class=\"wp-block-button__link  add_to_cart_button ajax_add_to_cart\">Dodaj do koszyka<\/a><\/div>\n\t\t\t<\/li><li class=\"wc-block-grid__product\">\n\t\t\t\t<a href=\"https:\/\/lawendowy-ogrod-kotlina-klodzka.pl\/?product=zestaw-na-prezent-4\" class=\"wc-block-grid__product-link\">\n\t\t\t\t\t\n\t\t\t\t\t<div class=\"wc-block-grid__product-image\"><img loading=\"lazy\" decoding=\"async\" width=\"600\" height=\"600\" src=\"https:\/\/lawendowy-ogrod-kotlina-klodzka.pl\/wp-content\/uploads\/woocommerce-placeholder-600x600.webp\" class=\"woocommerce-placeholder wp-post-image\" alt=\"\" srcset=\"https:\/\/lawendowy-ogrod-kotlina-klodzka.pl\/wp-content\/uploads\/woocommerce-placeholder-600x600.webp 600w, https:\/\/lawendowy-ogrod-kotlina-klodzka.pl\/wp-content\/uploads\/woocommerce-placeholder-300x300.webp 300w, https:\/\/lawendowy-ogrod-kotlina-klodzka.pl\/wp-content\/uploads\/woocommerce-placeholder-1024x1024.webp 1024w, https:\/\/lawendowy-ogrod-kotlina-klodzka.pl\/wp-content\/uploads\/woocommerce-placeholder-150x150.webp 150w, https:\/\/lawendowy-ogrod-kotlina-klodzka.pl\/wp-content\/uploads\/woocommerce-placeholder-768x768.webp 768w, https:\/\/lawendowy-ogrod-kotlina-klodzka.pl\/wp-content\/uploads\/woocommerce-placeholder.webp 1200w\" sizes=\"auto, (max-width: 600px) 100vw, 600px\" \/><\/div>\n\t\t\t\t\t<div class=\"wc-block-grid__product-title\">Zestaw na prezent 4<\/div>\n\t\t\t\t<\/a>\n\t\t\t\t<div class=\"wc-block-grid__product-price price\"><\/div>\n\t\t\t\t\n\t\t\t\t<div class=\"wp-block-button wc-block-grid__product-add-to-cart\"><a href=\"https:\/\/lawendowy-ogrod-kotlina-klodzka.pl\/?product=zestaw-na-prezent-4\" aria-label=\"Przeczytaj wi\u0119cej o &bdquo;Zestaw na prezent 4&rdquo;\" data-quantity=\"1\" data-product_id=\"789\" data-product_sku=\"\" data-price=\"0\" rel=\"nofollow\" class=\"wp-block-button__link  add_to_cart_button\">Dowiedz si\u0119 wi\u0119cej<\/a><\/div>\n\t\t\t<\/li><\/ul><\/div><\/div>\n<\/div>\n","protected":false},"excerpt":{"rendered":"","protected":false},"author":1,"featured_media":0,"parent":0,"menu_order":0,"comment_status":"closed","ping_status":"closed","template":"","meta":{"footnotes":""},"class_list":["post-8","page","type-page","status-publish","hentry"],"_links":{"self":[{"href":"https:\/\/lawendowy-ogrod-kotlina-klodzka.pl\/index.php?rest_route=\/wp\/v2\/pages\/8","targetHints":{"allow":["GET"]}}],"collection":[{"href":"https:\/\/lawendowy-ogrod-kotlina-klodzka.pl\/index.php?rest_route=\/wp\/v2\/pages"}],"about":[{"href":"https:\/\/lawendowy-ogrod-kotlina-klodzka.pl\/index.php?rest_route=\/wp\/v2\/types\/page"}],"author":[{"embeddable":true,"href":"https:\/\/lawendowy-ogrod-kotlina-klodzka.pl\/index.php?rest_route=\/wp\/v2\/users\/1"}],"replies":[{"embeddable":true,"href":"https:\/\/lawendowy-ogrod-kotlina-klodzka.pl\/index.php?rest_route=%2Fwp%2Fv2%2Fcomments&post=8"}],"version-history":[{"count":1,"href":"https:\/\/lawendowy-ogrod-kotlina-klodzka.pl\/index.php?rest_route=\/wp\/v2\/pages\/8\/revisions"}],"predecessor-version":[{"id":60,"href":"https:\/\/lawendowy-ogrod-kotlina-klodzka.pl\/index.php?rest_route=\/wp\/v2\/pages\/8\/revisions\/60"}],"wp:attachment":[{"href":"https:\/\/lawendowy-ogrod-kotlina-klodzka.pl\/index.php?rest_route=%2Fwp%2Fv2%2Fmedia&parent=8"}],"curies":[{"name":"wp","href":"https:\/\/api.w.org\/{rel}","templated":true}]}}